{"id":83,"date":"2018-10-26T00:29:17","date_gmt":"2018-10-26T00:29:17","guid":{"rendered":"https:\/\/fb.com.py\/?page_id=83"},"modified":"2018-12-07T00:50:30","modified_gmt":"2018-12-07T00:50:30","slug":"servicios","status":"publish","type":"page","link":"https:\/\/fb.com.py\/pt\/servicios\/","title":{"rendered":"Servi\u00e7os"},"content":{"rendered":"<div data-elementor-type=\"wp-post\" data-elementor-id=\"83\" class=\"elementor elementor-83 elementor-bc-flex-widget\">\n\t\t\t\t\t\t\t\t\t<section class=\"elementor-section elementor-top-section elementor-element elementor-element-505c630d elementor-section-content-middle elementor-section-boxed elementor-section-height-default elementor-section-height-default\" data-id=\"505c630d\" data-element_type=\"section\">\n\t\t\t\t\t\t<div class=\"elementor-container elementor-column-gap-no\">\n\t\t\t\t\t<div class=\"elementor-column elementor-col-100 elementor-top-column elementor-element elementor-element-12a95b58\" data-id=\"12a95b58\" data-element_type=\"column\">\n\t\t\t<div class=\"elementor-widget-wrap elementor-element-populated\">\n\t\t\t\t\t\t\t\t<div class=\"elementor-element elementor-element-2039c772 elementor-widget elementor-widget-heading\" data-id=\"2039c772\" data-element_type=\"widget\" data-widget_type=\"heading.default\">\n\t\t\t\t<div class=\"elementor-widget-container\">\n\t\t\t<h2 class=\"elementor-heading-title elementor-size-default\">Servi\u00e7os<\/h2>\t\t<\/div>\n\t\t\t\t<\/div>\n\t\t\t\t<div class=\"elementor-element elementor-element-132ff0d elementor-arrows-position-inside elementor-pagination-position-outside elementor-widget elementor-widget-image-carousel\" data-id=\"132ff0d\" data-element_type=\"widget\" data-settings=\"{&quot;slides_to_show&quot;:&quot;1&quot;,&quot;navigation&quot;:&quot;both&quot;,&quot;autoplay&quot;:&quot;yes&quot;,&quot;pause_on_hover&quot;:&quot;yes&quot;,&quot;pause_on_interaction&quot;:&quot;yes&quot;,&quot;autoplay_speed&quot;:5000,&quot;infinite&quot;:&quot;yes&quot;,&quot;effect&quot;:&quot;slide&quot;,&quot;speed&quot;:500}\" data-widget_type=\"image-carousel.default\">\n\t\t\t\t<div class=\"elementor-widget-container\">\n\t\t\t\t\t<div class=\"elementor-image-carousel-wrapper swiper-container\" dir=\"ltr\">\n\t\t\t<div class=\"elementor-image-carousel swiper-wrapper swiper-image-stretch\" aria-live=\"off\">\n\t\t\t\t\t\t\t\t<div class=\"swiper-slide\" role=\"group\" aria-roledescription=\"slide\" aria-label=\"1 of 3\"><figure class=\"swiper-slide-inner\"><img decoding=\"async\" class=\"swiper-slide-image\" src=\"https:\/\/fb.com.py\/wp-content\/uploads\/2018\/10\/servicio-gestion-aduanera.png\" alt=\"servicio-gestion-aduanera\" \/><\/figure><\/div><div class=\"swiper-slide\" role=\"group\" aria-roledescription=\"slide\" aria-label=\"2 of 3\"><figure class=\"swiper-slide-inner\"><img decoding=\"async\" class=\"swiper-slide-image\" src=\"https:\/\/fb.com.py\/wp-content\/uploads\/2018\/11\/cargo-serv.jpg\" alt=\"cargo-serv\" \/><\/figure><\/div><div class=\"swiper-slide\" role=\"group\" aria-roledescription=\"slide\" aria-label=\"3 of 3\"><figure class=\"swiper-slide-inner\"><img decoding=\"async\" class=\"swiper-slide-image\" src=\"https:\/\/fb.com.py\/wp-content\/uploads\/2018\/10\/servicio-asesoramiento.png\" alt=\"servicio-asesoramiento\" \/><\/figure><\/div>\t\t\t<\/div>\n\t\t\t\t\t\t\t\t\t\t\t\t<div class=\"elementor-swiper-button elementor-swiper-button-prev\" role=\"button\" tabindex=\"0\">\n\t\t\t\t\t\t<i aria-hidden=\"true\" class=\"eicon-chevron-left\"><\/i>\t\t\t\t\t<\/div>\n\t\t\t\t\t<div class=\"elementor-swiper-button elementor-swiper-button-next\" role=\"button\" tabindex=\"0\">\n\t\t\t\t\t\t<i aria-hidden=\"true\" class=\"eicon-chevron-right\"><\/i>\t\t\t\t\t<\/div>\n\t\t\t\t\n\t\t\t\t\t\t\t\t\t<div class=\"swiper-pagination\"><\/div>\n\t\t\t\t\t\t\t\t\t<\/div>\n\t\t\t\t<\/div>\n\t\t\t\t<\/div>\n\t\t\t\t<section class=\"elementor-section elementor-inner-section elementor-element elementor-element-3f839e16 elementor-section-boxed elementor-section-height-default elementor-section-height-default\" data-id=\"3f839e16\" data-element_type=\"section\">\n\t\t\t\t\t\t<div class=\"elementor-container elementor-column-gap-default\">\n\t\t\t\t\t<div class=\"elementor-column elementor-col-50 elementor-inner-column elementor-element elementor-element-6aedc276\" data-id=\"6aedc276\" data-element_type=\"column\">\n\t\t\t<div class=\"elementor-widget-wrap elementor-element-populated\">\n\t\t\t\t\t\t\t\t<div class=\"elementor-element elementor-element-2f3a4333 elementor-position-left elementor-view-default elementor-mobile-position-top elementor-vertical-align-top elementor-widget elementor-widget-icon-box\" data-id=\"2f3a4333\" data-element_type=\"widget\" data-widget_type=\"icon-box.default\">\n\t\t\t\t<div class=\"elementor-widget-container\">\n\t\t\t\t\t<div class=\"elementor-icon-box-wrapper\">\n\t\t\t\t\t\t<div class=\"elementor-icon-box-icon\">\n\t\t\t\t<span  class=\"elementor-icon elementor-animation-grow\">\n\t\t\t\t<i class=\"fa fa-ship\" aria-hidden=\"true\"><\/i>\t\t\t\t<\/span>\n\t\t\t<\/div>\n\t\t\t\t\t\t<div class=\"elementor-icon-box-content\">\n\t\t\t\t<h3 class=\"elementor-icon-box-title\">\n\t\t\t\t\t<span  >\n\t\t\t\t\t\tGEST\u00c3O ADUANEIRA\t\t\t\t\t<\/span>\n\t\t\t\t<\/h3>\n\t\t\t\t\t\t\t\t\t<p class=\"elementor-icon-box-description\">\n\t\t\t\t\t\t<ul class=\"checklist-ul nomax\">\n<li>Cadastramento no Registro de Importadores e Exportadores.<\/li>\n<li>An\u00e1lise da documenta\u00e7\u00e3o recebida.<\/li>\n<li>Coordena\u00e7\u00e3o e rastreamento de embarques.<\/li>\n<li>Classifica\u00e7\u00e3o tarif\u00e1ria: apresenta\u00e7\u00e3o e obten\u00e7\u00e3o de consultas classificat\u00f3rias.<\/li>\n<li>Cadastramento em institui\u00e7\u00f5es tais como: SENACSA, SEAM, INFONA, SENAVE, MIC, DINAPI, VUI, VUE, DINAVISA.<\/li>\n<li>Processamento de licen\u00e7as em diferentes organismos.<\/li>\n<li>Assessoria no processo de compra.<\/li>\n<li>Avalia\u00e7\u00e3o de processos de importa\u00e7\u00e3o.<\/li>\n<li>Assessoria em acordos internacionais.<\/li>\n<li>Relat\u00f3rio de garantia.<\/li>\n<\/ul>\t\t\t\t\t<\/p>\n\t\t\t\t\t\t\t<\/div>\n\t\t<\/div>\n\t\t\t\t<\/div>\n\t\t\t\t<\/div>\n\t\t\t\t\t<\/div>\n\t\t<\/div>\n\t\t\t\t<div class=\"elementor-column elementor-col-50 elementor-inner-column elementor-element elementor-element-101fd487\" data-id=\"101fd487\" data-element_type=\"column\">\n\t\t\t<div class=\"elementor-widget-wrap elementor-element-populated\">\n\t\t\t\t\t\t\t\t<div class=\"elementor-element elementor-element-6ad66a8a elementor-position-left elementor-view-default elementor-mobile-position-top elementor-vertical-align-top elementor-widget elementor-widget-icon-box\" data-id=\"6ad66a8a\" data-element_type=\"widget\" data-widget_type=\"icon-box.default\">\n\t\t\t\t<div class=\"elementor-widget-container\">\n\t\t\t\t\t<div class=\"elementor-icon-box-wrapper\">\n\t\t\t\t\t\t<div class=\"elementor-icon-box-icon\">\n\t\t\t\t<span  class=\"elementor-icon elementor-animation-grow\">\n\t\t\t\t<i class=\"fa fa-anchor\" aria-hidden=\"true\"><\/i>\t\t\t\t<\/span>\n\t\t\t<\/div>\n\t\t\t\t\t\t<div class=\"elementor-icon-box-content\">\n\t\t\t\t<h3 class=\"elementor-icon-box-title\">\n\t\t\t\t\t<span  >\n\t\t\t\t\t\tLOG\u00cdSTICA\t\t\t\t\t<\/span>\n\t\t\t\t<\/h3>\n\t\t\t\t\t\t\t\t\t<p class=\"elementor-icon-box-description\">\n\t\t\t\t\t\t<p style=\"text-align:justify\">A FB Despachos oferece assessoria personalizada para contrata\u00e7\u00e3o de fretes e seguros da suas mercadorias em tr\u00e2nsito. Deste jeito garantimos a chegada ao destino dentro dos prazos fazendo a escolha certa e \u00f3ptima para cada etapa do processo. <\/p>\t\t\t\t\t<\/p>\n\t\t\t\t\t\t\t<\/div>\n\t\t<\/div>\n\t\t\t\t<\/div>\n\t\t\t\t<\/div>\n\t\t\t\t\t<\/div>\n\t\t<\/div>\n\t\t\t\t\t\t\t<\/div>\n\t\t<\/section>\n\t\t\t\t<section class=\"elementor-section elementor-inner-section elementor-element elementor-element-38c02e2a elementor-section-boxed elementor-section-height-default elementor-section-height-default\" data-id=\"38c02e2a\" data-element_type=\"section\">\n\t\t\t\t\t\t<div class=\"elementor-container elementor-column-gap-default\">\n\t\t\t\t\t<div class=\"elementor-column elementor-col-50 elementor-inner-column elementor-element elementor-element-3afb1ea4\" data-id=\"3afb1ea4\" data-element_type=\"column\">\n\t\t\t<div class=\"elementor-widget-wrap elementor-element-populated\">\n\t\t\t\t\t\t\t\t<div class=\"elementor-element elementor-element-4d4e478 elementor-position-left elementor-view-default elementor-mobile-position-top elementor-vertical-align-top elementor-widget elementor-widget-icon-box\" data-id=\"4d4e478\" data-element_type=\"widget\" data-widget_type=\"icon-box.default\">\n\t\t\t\t<div class=\"elementor-widget-container\">\n\t\t\t\t\t<div class=\"elementor-icon-box-wrapper\">\n\t\t\t\t\t\t<div class=\"elementor-icon-box-icon\">\n\t\t\t\t<span  class=\"elementor-icon elementor-animation-grow\">\n\t\t\t\t<i class=\"fa fa-file-text\" aria-hidden=\"true\"><\/i>\t\t\t\t<\/span>\n\t\t\t<\/div>\n\t\t\t\t\t\t<div class=\"elementor-icon-box-content\">\n\t\t\t\t<h3 class=\"elementor-icon-box-title\">\n\t\t\t\t\t<span  >\n\t\t\t\t\t\tASSESSORIA\t\t\t\t\t<\/span>\n\t\t\t\t<\/h3>\n\t\t\t\t\t\t\t\t\t<p class=\"elementor-icon-box-description\">\n\t\t\t\t\t\t<ul class=\"checklist-ul nomax\">\n<li>Assessoria abrangente sobre as nomenclaturas e regulamentos aplicados.<\/li>\n<li>Avalia\u00e7\u00e3o e determina\u00e7\u00e3o de custos de importa\u00e7\u00e3o.<\/li>\n<li>Avalia\u00e7\u00e3o e determina\u00e7\u00e3o de pre\u00e7os de exporta\u00e7\u00e3o.<\/li>\n<li>Assist\u00eancia em regimes especiais.<\/li>\n<li>Assessoria em com\u00e9rcio exterior e gest\u00e3o aduaneira.<\/li>\n<li>Assessoria jur\u00eddica e t\u00e9cnica aduaneira.<\/li>\n<\/ul>\t\t\t\t\t<\/p>\n\t\t\t\t\t\t\t<\/div>\n\t\t<\/div>\n\t\t\t\t<\/div>\n\t\t\t\t<\/div>\n\t\t\t\t\t<\/div>\n\t\t<\/div>\n\t\t\t\t<div class=\"elementor-column elementor-col-50 elementor-inner-column elementor-element elementor-element-11d0308\" data-id=\"11d0308\" data-element_type=\"column\">\n\t\t\t<div class=\"elementor-widget-wrap\">\n\t\t\t\t\t\t\t\t\t<\/div>\n\t\t<\/div>\n\t\t\t\t\t\t\t<\/div>\n\t\t<\/section>\n\t\t\t\t\t<\/div>\n\t\t<\/div>\n\t\t\t\t\t\t\t<\/div>\n\t\t<\/section>\n\t\t\t\t\t\t\t<\/div>","protected":false},"excerpt":{"rendered":"<p>Servicios Gesti\u00f3n Aduanera Inscripci\u00f3n en el Registro de Importadores y Exportadores. An\u00e1lisis de la documentaci\u00f3n recibida. Coordinaci\u00f3n y seguimiento de embarque. Clasificaci\u00f3n arancelaria: presentaci\u00f3n y obtenci\u00f3n de consultas clasificatorias. Tramitaci\u00f3n y obtenci\u00f3n de Registros ante distintas Instituciones como: SENACSA, SEAM, INFONA, SENAVE, MIC, DINAPI, VUI, VUE, DINAVISA. Tramitaci\u00f3n de permisos y licencias ante distintos organismos. [&hellip;]<\/p>","protected":false},"author":1,"featured_media":0,"parent":0,"menu_order":0,"comment_status":"closed","ping_status":"closed","template":"","meta":{"footnotes":""},"_links":{"self":[{"href":"https:\/\/fb.com.py\/pt\/wp-json\/wp\/v2\/pages\/83"}],"collection":[{"href":"https:\/\/fb.com.py\/pt\/wp-json\/wp\/v2\/pages"}],"about":[{"href":"https:\/\/fb.com.py\/pt\/wp-json\/wp\/v2\/types\/page"}],"author":[{"embeddable":true,"href":"https:\/\/fb.com.py\/pt\/wp-json\/wp\/v2\/users\/1"}],"replies":[{"embeddable":true,"href":"https:\/\/fb.com.py\/pt\/wp-json\/wp\/v2\/comments?post=83"}],"version-history":[{"count":12,"href":"https:\/\/fb.com.py\/pt\/wp-json\/wp\/v2\/pages\/83\/revisions"}],"predecessor-version":[{"id":276,"href":"https:\/\/fb.com.py\/pt\/wp-json\/wp\/v2\/pages\/83\/revisions\/276"}],"wp:attachment":[{"href":"https:\/\/fb.com.py\/pt\/wp-json\/wp\/v2\/media?parent=83"}],"curies":[{"name":"wp","href":"https:\/\/api.w.org\/{rel}","templated":true}]}}